{"id":661,"date":"2025-07-16T18:55:51","date_gmt":"2025-07-16T16:55:51","guid":{"rendered":"https:\/\/bulcan.bike\/?page_id=661"},"modified":"2025-07-16T18:55:54","modified_gmt":"2025-07-16T16:55:54","slug":"documentacion-bulcan","status":"publish","type":"page","link":"https:\/\/bulcan.bike\/en\/documentacion-bulcan\/","title":{"rendered":"Bulcan Documentation"},"content":{"rendered":"<p>[et_pb_section fb_built=\u00bb1&#8243; next_background_color=\u00bb#f1f1f1&#8243; _builder_version=\u00bb4.27.4&#8243; _module_preset=\u00bbdefault\u00bb background_color=\u00bb#e5e8ec\u00bb use_background_color_gradient=\u00bbon\u00bb background_color_gradient_stops=\u00bb#ffffff 9%|rgba(41,196,169,0) 50%\u00bb background_color_gradient_overlays_image=\u00bbon\u00bb background_image=\u00bbhttps:\/\/bulcan.bike\/wp-content\/uploads\/2025\/01\/bulcan2.webp\u00bb custom_margin=\u00bb||||false|false\u00bb custom_padding=\u00bb130px||190px||false|false\u00bb bottom_divider_style=\u00bbcurve2&#8243; bottom_divider_height_tablet=\u00bb\u00bb bottom_divider_height_phone=\u00bb46px\u00bb bottom_divider_height_last_edited=\u00bbon|phone\u00bb border_radii=\u00bboff||||\u00bb global_colors_info=\u00bb{}\u00bb][et_pb_row _builder_version=\u00bb4.27.4&#8243; _module_preset=\u00bbdefault\u00bb module_alignment=\u00bbcenter\u00bb custom_margin=\u00bb||40px||false|false\u00bb global_colors_info=\u00bb{}\u00bb][et_pb_column type=\u00bb4_4&#8243; _builder_version=\u00bb4.27.4&#8243; _module_preset=\u00bbdefault\u00bb global_colors_info=\u00bb{}\u00bb][\/et_pb_column][\/et_pb_row][\/et_pb_section][et_pb_section fb_built=\u00bb1&#8243; next_background_color=\u00bb#ffffff\u00bb admin_label=\u00bbAbout\u00bb _builder_version=\u00bb4.27.4&#8243; background_color=\u00bb#f1f1f1&#8243; custom_padding=\u00bb70px|0px||0px|false|false\u00bb bottom_divider_style=\u00bbcurve2&#8243; bottom_divider_height_tablet=\u00bb\u00bb bottom_divider_height_phone=\u00bb45px\u00bb bottom_divider_height_last_edited=\u00bbon|phone\u00bb global_colors_info=\u00bb{}\u00bb][et_pb_row _builder_version=\u00bb4.16&#8243; global_colors_info=\u00bb{}\u00bb][et_pb_column type=\u00bb4_4&#8243; _builder_version=\u00bb4.27.4&#8243; _module_preset=\u00bbdefault\u00bb global_colors_info=\u00bb{}\u00bb][et_pb_text _builder_version=\u00bb4.27.4&#8243; _module_preset=\u00bbdefault\u00bb header_font=\u00bbPoppins|700|||||||\u00bb header_font_size=\u00bb52px\u00bb header_line_height=\u00bb1.1em\u00bb width=\u00bb100%\u00bb width_tablet=\u00bb100%\u00bb width_phone=\u00bb100%\u00bb width_last_edited=\u00bbon|phone\u00bb module_alignment=\u00bbcenter\u00bb header_font_size_tablet=\u00bb52px\u00bb header_font_size_phone=\u00bb42px\u00bb header_font_size_last_edited=\u00bbon|phone\u00bb global_colors_info=\u00bb{}\u00bb]<\/p>\n<h1 style=\"text-align: left;\">Documentaci\u00f3n Bulcan<\/h1>\n<p>[\/et_pb_text][et_pb_text _builder_version=\u00bb4.27.4&#8243; _module_preset=\u00bbdefault\u00bb global_colors_info=\u00bb{}\u00bb]<\/p>\n<p>Consulta y descarga las gu\u00edas y manuales de usuario correspondientes a tu versi\u00f3n de Bulcan. <br \/>Cada documento incluye instrucciones claras basadas en la versi\u00f3n del motor Bosch que utilices.<\/p>\n<p>[\/et_pb_text][\/et_pb_column][\/et_pb_row][\/et_pb_section][et_pb_section fb_built=\u00bb1&#8243; admin_label=\u00bbVideo\u00bb _builder_version=\u00bb4.27.4&#8243; custom_padding=\u00bb||||false|false\u00bb custom_width_px__hover=\u00bb1080px\u00bb custom_width_px__hover_enabled=\u00bb1080px\u00bb custom_width_percent__hover=\u00bb80%\u00bb custom_width_percent__hover_enabled=\u00bb80%\u00bb global_colors_info=\u00bb{}\u00bb gutter_width__hover=\u00bb3&#8243; gutter_width__hover_enabled=\u00bb3&#8243; parallax_1__hover=\u00bboff\u00bb parallax_1__hover_enabled=\u00bboff\u00bb parallax_2__hover=\u00bboff\u00bb parallax_2__hover_enabled=\u00bboff\u00bb parallax_3__hover=\u00bboff\u00bb parallax_3__hover_enabled=\u00bboff\u00bb parallax_method_1__hover=\u00bbon\u00bb parallax_method_1__hover_enabled=\u00bbon\u00bb parallax_method_2__hover=\u00bbon\u00bb parallax_method_2__hover_enabled=\u00bbon\u00bb parallax_method_3__hover=\u00bbon\u00bb parallax_method_3__hover_enabled=\u00bbon\u00bb use_background_color_gradient__hover=\u00bboff\u00bb use_background_color_gradient__hover_enabled=\u00bboff\u00bb background_color_gradient_start__hover=\u00bb#2b87da\u00bb background_color_gradient_start__hover_enabled=\u00bb#2b87da\u00bb background_color_gradient_end__hover=\u00bb#29c4a9&#8243; background_color_gradient_end__hover_enabled=\u00bb#29c4a9&#8243; background_color_gradient_type__hover=\u00bblinear\u00bb background_color_gradient_type__hover_enabled=\u00bblinear\u00bb background_color_gradient_direction__hover=\u00bb180deg\u00bb background_color_gradient_direction__hover_enabled=\u00bb180deg\u00bb background_color_gradient_direction_radial__hover=\u00bbcenter\u00bb background_color_gradient_direction_radial__hover_enabled=\u00bbcenter\u00bb background_color_gradient_start_position__hover=\u00bb0%\u00bb background_color_gradient_start_position__hover_enabled=\u00bb0%\u00bb background_color_gradient_end_position__hover=\u00bb100%\u00bb background_color_gradient_end_position__hover_enabled=\u00bb100%\u00bb background_color_gradient_overlays_image__hover=\u00bboff\u00bb background_color_gradient_overlays_image__hover_enabled=\u00bboff\u00bb parallax__hover=\u00bboff\u00bb parallax__hover_enabled=\u00bboff\u00bb parallax_method__hover=\u00bbon\u00bb parallax_method__hover_enabled=\u00bbon\u00bb background_size__hover=\u00bbcover\u00bb background_size__hover_enabled=\u00bbcover\u00bb background_position__hover=\u00bbcenter\u00bb background_position__hover_enabled=\u00bbcenter\u00bb background_repeat__hover=\u00bbno-repeat\u00bb background_repeat__hover_enabled=\u00bbno-repeat\u00bb background_blend__hover=\u00bbnormal\u00bb background_blend__hover_enabled=\u00bbnormal\u00bb allow_player_pause__hover=\u00bboff\u00bb allow_player_pause__hover_enabled=\u00bboff\u00bb background_video_pause_outside_viewport__hover=\u00bbon\u00bb background_video_pause_outside_viewport__hover_enabled=\u00bbon\u00bb inner_shadow__hover=\u00bboff\u00bb inner_shadow__hover_enabled=\u00bboff\u00bb make_fullwidth__hover=\u00bboff\u00bb make_fullwidth__hover_enabled=\u00bboff\u00bb use_custom_width__hover=\u00bboff\u00bb use_custom_width__hover_enabled=\u00bboff\u00bb width_unit__hover=\u00bbon\u00bb width_unit__hover_enabled=\u00bbon\u00bb make_equal__hover=\u00bboff\u00bb make_equal__hover_enabled=\u00bboff\u00bb use_custom_gutter__hover=\u00bboff\u00bb use_custom_gutter__hover_enabled=\u00bboff\u00bb border_radii__hover=\u00bbon||||\u00bb border_radii__hover_enabled=\u00bbon||||\u00bb box_shadow_style__hover=\u00bbnone\u00bb box_shadow_style__hover_enabled=\u00bbnone\u00bb box_shadow_color__hover=\u00bbrgba(0,0,0,0.3)\u00bb box_shadow_color__hover_enabled=\u00bbrgba(0,0,0,0.3)\u00bb max_width__hover=\u00bb100%\u00bb max_width__hover_enabled=\u00bb100%\u00bb filter_hue_rotate__hover=\u00bb0deg\u00bb filter_hue_rotate__hover_enabled=\u00bb0deg\u00bb filter_saturate__hover=\u00bb100%\u00bb filter_saturate__hover_enabled=\u00bb100%\u00bb filter_brightness__hover=\u00bb100%\u00bb filter_brightness__hover_enabled=\u00bb100%\u00bb filter_contrast__hover=\u00bb100%\u00bb filter_contrast__hover_enabled=\u00bb100%\u00bb filter_invert__hover=\u00bb0%\u00bb filter_invert__hover_enabled=\u00bb0%\u00bb filter_sepia__hover=\u00bb0%\u00bb filter_sepia__hover_enabled=\u00bb0%\u00bb filter_opacity__hover=\u00bb100%\u00bb filter_opacity__hover_enabled=\u00bb100%\u00bb filter_blur__hover=\u00bb0px\u00bb filter_blur__hover_enabled=\u00bb0px\u00bb mix_blend_mode__hover=\u00bbnormal\u00bb mix_blend_mode__hover_enabled=\u00bbnormal\u00bb animation_style__hover=\u00bbnone\u00bb animation_style__hover_enabled=\u00bbnone\u00bb animation_repeat__hover=\u00bbonce\u00bb animation_repeat__hover_enabled=\u00bbonce\u00bb animation_direction__hover=\u00bbcenter\u00bb animation_direction__hover_enabled=\u00bbcenter\u00bb animation_duration__hover=\u00bb1000ms\u00bb animation_duration__hover_enabled=\u00bb1000ms\u00bb animation_delay__hover=\u00bb0ms\u00bb animation_delay__hover_enabled=\u00bb0ms\u00bb animation_intensity_slide__hover=\u00bb50%\u00bb animation_intensity_slide__hover_enabled=\u00bb50%\u00bb animation_intensity_zoom__hover=\u00bb50%\u00bb animation_intensity_zoom__hover_enabled=\u00bb50%\u00bb animation_intensity_flip__hover=\u00bb50%\u00bb animation_intensity_flip__hover_enabled=\u00bb50%\u00bb animation_intensity_fold__hover=\u00bb50%\u00bb animation_intensity_fold__hover_enabled=\u00bb50%\u00bb animation_intensity_roll__hover=\u00bb50%\u00bb animation_intensity_roll__hover_enabled=\u00bb50%\u00bb animation_starting_opacity__hover=\u00bb0%\u00bb animation_starting_opacity__hover_enabled=\u00bb0%\u00bb animation_speed_curve__hover=\u00bbease-in-out\u00bb animation_speed_curve__hover_enabled=\u00bbease-in-out\u00bb hover_transition_duration__hover=\u00bb300ms\u00bb hover_transition_duration__hover_enabled=\u00bb300ms\u00bb hover_transition_delay__hover=\u00bb0ms\u00bb hover_transition_delay__hover_enabled=\u00bb0ms\u00bb hover_transition_speed_curve__hover=\u00bbease\u00bb hover_transition_speed_curve__hover_enabled=\u00bbease\u00bb background_color_gradient_stops__hover=\u00bb#2b87da 0%|#29c4a9 100%\u00bb][et_pb_row column_structure=\u00bb1_2,1_2&#8243; _builder_version=\u00bb4.16&#8243; global_colors_info=\u00bb{}\u00bb][et_pb_column type=\u00bb1_2&#8243; _builder_version=\u00bb4.16&#8243; custom_padding=\u00bb|||\u00bb global_colors_info=\u00bb{}\u00bb custom_padding__hover=\u00bb|||\u00bb][et_pb_text admin_label=\u00bbTitle\u00bb _builder_version=\u00bb4.27.4&#8243; text_font=\u00bb||||||||\u00bb ul_font=\u00bb||||||||\u00bb ol_font=\u00bb||||||||\u00bb header_font=\u00bb&#8211;et_global_heading_font|&#8211;et_global_body_font_weight|||||||\u00bb header_2_font=\u00bb&#8211;et_global_heading_font|700|||||||\u00bb header_2_font_size=\u00bb38px\u00bb header_2_line_height=\u00bb1.7em\u00bb header_3_font=\u00bb||||||||\u00bb header_4_font=\u00bb||||||||\u00bb header_5_font=\u00bb||||||||\u00bb header_6_font=\u00bb||||||||\u00bb custom_margin=\u00bb||0px|\u00bb custom_margin_tablet=\u00bb|||0vw\u00bb custom_margin_phone=\u00bb||0px\u00bb custom_margin_last_edited=\u00bboff|desktop\u00bb custom_padding=\u00bb||20px||false|false\u00bb animation_direction=\u00bbleft\u00bb header_2_font_size_tablet=\u00bb50px\u00bb header_2_font_size_phone=\u00bb30px\u00bb header_2_font_size_last_edited=\u00bbon|phone\u00bb header_2_text_shadow_style=\u00bbpreset3&#8243; header_2_text_shadow_blur_strength=\u00bb0.4em\u00bb header_2_text_shadow_color=\u00bbrgba(149,173,193,0.46)\u00bb border_color_bottom=\u00bb#cccccc\u00bb global_colors_info=\u00bb{}\u00bb]<\/p>\n<h3><strong>Bulcan Standard<\/strong><\/h3>\n<p>Compatible con motores Bosch Gen2, Gen3 y Gen4<\/p>\n<p><strong>Gu\u00eda de instalaci\u00f3n<\/strong><\/p>\n<p>Detalla c\u00f3mo apagar la eBike, retirar la bater\u00eda (si aplica), desmontar la tapa del motor (y biela si es necesario), desconectar el display original, conectar el m\u00f3dulo Bulcan entre motor y display, y volver a montar todo con un cableado ordenado.<\/p>\n<p><strong>Manual de usuario<\/strong><\/p>\n<p>Incluye c\u00f3mo emparejar Bulcan con tu Garmin o dispositivo compatible usando el buscador de sensores eBike, y explica los campos que transmite:<\/p>\n<ul>\n<li>Modo de asistencia (escala 0\u20137)<\/li>\n<li>Velocidad, distancia total y autonom\u00eda restante<\/li>\n<li>Nivel de bater\u00eda<\/li>\n<li>Potencia del ciclista y motor (equilibrio)<\/li>\n<li>Cadencia, voltaje y temperatura de motor y bater\u00eda (m\u00e1x\/m\u00edn 24h). Adem\u00e1s, describe la funci\u00f3n del bot\u00f3n \u201cwalk\u201d como control para cambiar p\u00e1ginas en Garmin.<\/li>\n<\/ul>\n<p>[\/et_pb_text][et_pb_text _builder_version=\u00bb4.27.4&#8243; _module_preset=\u00bbdefault\u00bb global_colors_info=\u00bb{}\u00bb]<\/p>\n<h3>Descarga los documentos<\/h3>\n<p><a href=\"https:\/\/bulcan.bike\/wp-content\/uploads\/2025\/07\/Guia-de-instalacion-Bulcan-Standard-ES_compressed.pdf\" target=\"_blank\" rel=\"noopener\" title=\"Gu\u00eda de instalaci\u00f3n Bulcan Standard\">Gu\u00eda de instalaci\u00f3n Bulcan Standard<\/a><br \/><a href=\"https:\/\/bulcan.bike\/wp-content\/uploads\/2025\/07\/Manual-de-usuario-Standard_ES_compressed.pdf\" target=\"_blank\" rel=\"noopener\" title=\"Manual de usuarios Bulcan Standard\">Manual de usuarios Bulcan Standard<\/a><\/p>\n<p>[\/et_pb_text][\/et_pb_column][et_pb_column type=\u00bb1_2&#8243; _builder_version=\u00bb4.16&#8243; custom_padding=\u00bb|||\u00bb global_colors_info=\u00bb{}\u00bb custom_padding__hover=\u00bb|||\u00bb][et_pb_text admin_label=\u00bbTitle\u00bb _builder_version=\u00bb4.27.4&#8243; text_font=\u00bb||||||||\u00bb ul_font=\u00bb||||||||\u00bb ol_font=\u00bb||||||||\u00bb header_font=\u00bb&#8211;et_global_heading_font|&#8211;et_global_body_font_weight|||||||\u00bb header_2_font=\u00bb&#8211;et_global_heading_font|700|||||||\u00bb header_2_font_size=\u00bb38px\u00bb header_2_line_height=\u00bb1.7em\u00bb header_3_font=\u00bb||||||||\u00bb header_4_font=\u00bb||||||||\u00bb header_5_font=\u00bb||||||||\u00bb header_6_font=\u00bb||||||||\u00bb custom_margin=\u00bb||0px|\u00bb custom_margin_tablet=\u00bb|||0vw\u00bb custom_margin_phone=\u00bb||0px\u00bb custom_margin_last_edited=\u00bboff|desktop\u00bb custom_padding=\u00bb||20px||false|false\u00bb animation_direction=\u00bbleft\u00bb header_2_font_size_tablet=\u00bb50px\u00bb header_2_font_size_phone=\u00bb30px\u00bb header_2_font_size_last_edited=\u00bbon|phone\u00bb header_2_text_shadow_style=\u00bbpreset3&#8243; header_2_text_shadow_blur_strength=\u00bb0.4em\u00bb header_2_text_shadow_color=\u00bbrgba(149,173,193,0.46)\u00bb border_color_bottom=\u00bb#cccccc\u00bb global_colors_info=\u00bb{}\u00bb]<\/p>\n<h3><strong>Bulcan Smart System<\/strong><\/h3>\n<p>Exclusivo para motores Bosch Smart System (2022 en adelante)<\/p>\n<p><strong>Gu\u00eda de instalaci\u00f3n<\/strong><\/p>\n<p>Pasos similares al Standard, ajustados a los conectores del Smart System: apagar eBike, desmontar tapa del motor\/biela, desconectar el conector blanco original, conectar el Bulcan alineando marcas, reubicar el conector original en el m\u00f3dulo y cerrar la tapa.<\/p>\n<p><strong>Manual de usuario<\/strong><\/p>\n<p>Gu\u00eda de emparejamiento id\u00e9ntica al Standard. Desglosa qu\u00e9 datos transmite:<\/p>\n<ul>\n<li>Modo de asistencia (niveles 0, 1, 3, 5, 7 correspondientes a Off, Eco, Tour, eMTB, Turbo)<\/li>\n<li>Velocidad, distancia total y autonom\u00eda<\/li>\n<li>Nivel de bater\u00eda<\/li>\n<li>Potencia ciclista vs motor (equilibrio)<\/li>\n<li>Cadencia y voltaje<\/li>\n<li>Temperatura del motor (desde eBike) y de la bater\u00eda (desde sensor) Tambi\u00e9n explica el uso del bot\u00f3n \u201cselect\u201d en la eBike para cambiar p\u00e1ginas en el dispositivo emparejado.<\/li>\n<\/ul>\n<p>[\/et_pb_text][et_pb_text _builder_version=\u00bb4.27.4&#8243; _module_preset=\u00bbdefault\u00bb global_colors_info=\u00bb{}\u00bb]<\/p>\n<h3>Descarga los documentos<\/h3>\n<p><a href=\"https:\/\/bulcan.bike\/wp-content\/uploads\/2025\/07\/Guia-de-instalacion-Smart-System-ES_compressed.pdf\" target=\"_blank\" rel=\"noopener\" title=\"Gu\u00eda de instalaci\u00f3n Bulcan Smart System\">Gu\u00eda de instalaci\u00f3n Bulcan Smart System<\/a><br \/><a href=\"https:\/\/bulcan.bike\/wp-content\/uploads\/2025\/07\/Manual-de-usuario-Smart-System-ES_compressed.pdf\" target=\"_blank\" rel=\"noopener\" title=\"Manual de usuarios Bulcan Smart System\">Manual de usuarios Bulcan Smart System<\/a><\/p>\n<p>[\/et_pb_text][\/et_pb_column][\/et_pb_row][\/et_pb_section]<\/p>\n","protected":false},"excerpt":{"rendered":"<p>Documentaci\u00f3n BulcanConsulta y descarga las gu\u00edas y manuales de usuario correspondientes a tu versi\u00f3n de Bulcan. Cada documento incluye instrucciones claras basadas en la versi\u00f3n del motor Bosch que utilices.Bulcan Standard Compatible con motores Bosch Gen2, Gen3 y Gen4 Gu\u00eda de instalaci\u00f3n Detalla c\u00f3mo apagar la eBike, retirar la bater\u00eda (si aplica), desmontar la tapa [&hellip;]<\/p>\n","protected":false},"author":1,"featured_media":275,"parent":0,"menu_order":0,"comment_status":"closed","ping_status":"closed","template":"","meta":{"_et_pb_use_builder":"on","_et_pb_old_content":"","_et_gb_content_width":"","footnotes":""},"class_list":["post-661","page","type-page","status-publish","has-post-thumbnail","hentry"],"yoast_head":"<!-- This site is optimized with the Yoast SEO plugin v27.5 - https:\/\/yoast.com\/product\/yoast-seo-wordpress\/ -->\n<title>Documentaci\u00f3n Bulcan - Bulcan<\/title>\n<meta name=\"robots\" content=\"index, follow, max-snippet:-1, max-image-preview:large, max-video-preview:-1\" \/>\n<link rel=\"canonical\" href=\"https:\/\/bulcan.bike\/en\/documentacion-bulcan\/\" \/>\n<meta property=\"og:locale\" content=\"en_GB\" \/>\n<meta property=\"og:type\" content=\"article\" \/>\n<meta property=\"og:title\" content=\"Documentaci\u00f3n Bulcan - Bulcan\" \/>\n<meta property=\"og:description\" content=\"Documentaci\u00f3n BulcanConsulta y descarga las gu\u00edas y manuales de usuario correspondientes a tu versi\u00f3n de Bulcan. Cada documento incluye instrucciones claras basadas en la versi\u00f3n del motor Bosch que utilices.Bulcan Standard Compatible con motores Bosch Gen2, Gen3 y Gen4 Gu\u00eda de instalaci\u00f3n Detalla c\u00f3mo apagar la eBike, retirar la bater\u00eda (si aplica), desmontar la tapa [&hellip;]\" \/>\n<meta property=\"og:url\" content=\"https:\/\/bulcan.bike\/en\/documentacion-bulcan\/\" \/>\n<meta property=\"og:site_name\" content=\"Bulcan\" \/>\n<meta property=\"article:publisher\" content=\"https:\/\/www.facebook.com\/profile.php?id=61565581816241\" \/>\n<meta property=\"article:modified_time\" content=\"2025-07-16T16:55:54+00:00\" \/>\n<meta property=\"og:image\" content=\"https:\/\/bulcan.bike\/wp-content\/uploads\/2025\/02\/motor-ebike-coros.webp\" \/>\n\t<meta property=\"og:image:width\" content=\"1600\" \/>\n\t<meta property=\"og:image:height\" content=\"900\" \/>\n\t<meta property=\"og:image:type\" content=\"image\/webp\" \/>\n<meta name=\"twitter:card\" content=\"summary_large_image\" \/>\n<meta name=\"twitter:label1\" content=\"Est. reading time\" \/>\n\t<meta name=\"twitter:data1\" content=\"2 minutes\" \/>\n<script type=\"application\/ld+json\" class=\"yoast-schema-graph\">{\"@context\":\"https:\\\/\\\/schema.org\",\"@graph\":[{\"@type\":\"WebPage\",\"@id\":\"https:\\\/\\\/bulcan.bike\\\/documentacion-bulcan\\\/\",\"url\":\"https:\\\/\\\/bulcan.bike\\\/documentacion-bulcan\\\/\",\"name\":\"Documentaci\u00f3n Bulcan - Bulcan\",\"isPartOf\":{\"@id\":\"https:\\\/\\\/bulcan.bike\\\/#website\"},\"primaryImageOfPage\":{\"@id\":\"https:\\\/\\\/bulcan.bike\\\/documentacion-bulcan\\\/#primaryimage\"},\"image\":{\"@id\":\"https:\\\/\\\/bulcan.bike\\\/documentacion-bulcan\\\/#primaryimage\"},\"thumbnailUrl\":\"https:\\\/\\\/bulcan.bike\\\/wp-content\\\/uploads\\\/2025\\\/02\\\/motor-ebike-coros.webp\",\"datePublished\":\"2025-07-16T16:55:51+00:00\",\"dateModified\":\"2025-07-16T16:55:54+00:00\",\"breadcrumb\":{\"@id\":\"https:\\\/\\\/bulcan.bike\\\/documentacion-bulcan\\\/#breadcrumb\"},\"inLanguage\":\"en-GB\",\"potentialAction\":[{\"@type\":\"ReadAction\",\"target\":[\"https:\\\/\\\/bulcan.bike\\\/documentacion-bulcan\\\/\"]}]},{\"@type\":\"ImageObject\",\"inLanguage\":\"en-GB\",\"@id\":\"https:\\\/\\\/bulcan.bike\\\/documentacion-bulcan\\\/#primaryimage\",\"url\":\"https:\\\/\\\/bulcan.bike\\\/wp-content\\\/uploads\\\/2025\\\/02\\\/motor-ebike-coros.webp\",\"contentUrl\":\"https:\\\/\\\/bulcan.bike\\\/wp-content\\\/uploads\\\/2025\\\/02\\\/motor-ebike-coros.webp\",\"width\":1600,\"height\":900,\"caption\":\"Ciclocomputador Coros montado en una bicicleta con pantalla de navegaci\u00f3n, compatible con eBike Bosch\"},{\"@type\":\"BreadcrumbList\",\"@id\":\"https:\\\/\\\/bulcan.bike\\\/documentacion-bulcan\\\/#breadcrumb\",\"itemListElement\":[{\"@type\":\"ListItem\",\"position\":1,\"name\":\"Portada\",\"item\":\"https:\\\/\\\/bulcan.bike\\\/\"},{\"@type\":\"ListItem\",\"position\":2,\"name\":\"Documentaci\u00f3n Bulcan\"}]},{\"@type\":\"WebSite\",\"@id\":\"https:\\\/\\\/bulcan.bike\\\/#website\",\"url\":\"https:\\\/\\\/bulcan.bike\\\/\",\"name\":\"Bulcan\",\"description\":\"Una soluci\u00f3n r\u00e1pida y sencilla para tener todos los datos de tu ebike\",\"publisher\":{\"@id\":\"https:\\\/\\\/bulcan.bike\\\/#organization\"},\"alternateName\":\"Bulcan\",\"potentialAction\":[{\"@type\":\"SearchAction\",\"target\":{\"@type\":\"EntryPoint\",\"urlTemplate\":\"https:\\\/\\\/bulcan.bike\\\/?s={search_term_string}\"},\"query-input\":{\"@type\":\"PropertyValueSpecification\",\"valueRequired\":true,\"valueName\":\"search_term_string\"}}],\"inLanguage\":\"en-GB\"},{\"@type\":\"Organization\",\"@id\":\"https:\\\/\\\/bulcan.bike\\\/#organization\",\"name\":\"Bulcan\",\"url\":\"https:\\\/\\\/bulcan.bike\\\/\",\"logo\":{\"@type\":\"ImageObject\",\"inLanguage\":\"en-GB\",\"@id\":\"https:\\\/\\\/bulcan.bike\\\/#\\\/schema\\\/logo\\\/image\\\/\",\"url\":\"https:\\\/\\\/bulcan.bike\\\/wp-content\\\/uploads\\\/2025\\\/01\\\/logo-bulcano.png\",\"contentUrl\":\"https:\\\/\\\/bulcan.bike\\\/wp-content\\\/uploads\\\/2025\\\/01\\\/logo-bulcano.png\",\"width\":1772,\"height\":472,\"caption\":\"Bulcan\"},\"image\":{\"@id\":\"https:\\\/\\\/bulcan.bike\\\/#\\\/schema\\\/logo\\\/image\\\/\"},\"sameAs\":[\"https:\\\/\\\/www.facebook.com\\\/profile.php?id=61565581816241\"]}]}<\/script>\n<!-- \/ Yoast SEO plugin. -->","yoast_head_json":{"title":"Documentaci\u00f3n Bulcan - Bulcan","robots":{"index":"index","follow":"follow","max-snippet":"max-snippet:-1","max-image-preview":"max-image-preview:large","max-video-preview":"max-video-preview:-1"},"canonical":"https:\/\/bulcan.bike\/en\/documentacion-bulcan\/","og_locale":"en_GB","og_type":"article","og_title":"Documentaci\u00f3n Bulcan - Bulcan","og_description":"Documentaci\u00f3n BulcanConsulta y descarga las gu\u00edas y manuales de usuario correspondientes a tu versi\u00f3n de Bulcan. Cada documento incluye instrucciones claras basadas en la versi\u00f3n del motor Bosch que utilices.Bulcan Standard Compatible con motores Bosch Gen2, Gen3 y Gen4 Gu\u00eda de instalaci\u00f3n Detalla c\u00f3mo apagar la eBike, retirar la bater\u00eda (si aplica), desmontar la tapa [&hellip;]","og_url":"https:\/\/bulcan.bike\/en\/documentacion-bulcan\/","og_site_name":"Bulcan","article_publisher":"https:\/\/www.facebook.com\/profile.php?id=61565581816241","article_modified_time":"2025-07-16T16:55:54+00:00","og_image":[{"width":1600,"height":900,"url":"https:\/\/bulcan.bike\/wp-content\/uploads\/2025\/02\/motor-ebike-coros.webp","type":"image\/webp"}],"twitter_card":"summary_large_image","twitter_misc":{"Est. reading time":"2 minutes"},"schema":{"@context":"https:\/\/schema.org","@graph":[{"@type":"WebPage","@id":"https:\/\/bulcan.bike\/documentacion-bulcan\/","url":"https:\/\/bulcan.bike\/documentacion-bulcan\/","name":"Documentaci\u00f3n Bulcan - Bulcan","isPartOf":{"@id":"https:\/\/bulcan.bike\/#website"},"primaryImageOfPage":{"@id":"https:\/\/bulcan.bike\/documentacion-bulcan\/#primaryimage"},"image":{"@id":"https:\/\/bulcan.bike\/documentacion-bulcan\/#primaryimage"},"thumbnailUrl":"https:\/\/bulcan.bike\/wp-content\/uploads\/2025\/02\/motor-ebike-coros.webp","datePublished":"2025-07-16T16:55:51+00:00","dateModified":"2025-07-16T16:55:54+00:00","breadcrumb":{"@id":"https:\/\/bulcan.bike\/documentacion-bulcan\/#breadcrumb"},"inLanguage":"en-GB","potentialAction":[{"@type":"ReadAction","target":["https:\/\/bulcan.bike\/documentacion-bulcan\/"]}]},{"@type":"ImageObject","inLanguage":"en-GB","@id":"https:\/\/bulcan.bike\/documentacion-bulcan\/#primaryimage","url":"https:\/\/bulcan.bike\/wp-content\/uploads\/2025\/02\/motor-ebike-coros.webp","contentUrl":"https:\/\/bulcan.bike\/wp-content\/uploads\/2025\/02\/motor-ebike-coros.webp","width":1600,"height":900,"caption":"Ciclocomputador Coros montado en una bicicleta con pantalla de navegaci\u00f3n, compatible con eBike Bosch"},{"@type":"BreadcrumbList","@id":"https:\/\/bulcan.bike\/documentacion-bulcan\/#breadcrumb","itemListElement":[{"@type":"ListItem","position":1,"name":"Portada","item":"https:\/\/bulcan.bike\/"},{"@type":"ListItem","position":2,"name":"Documentaci\u00f3n Bulcan"}]},{"@type":"WebSite","@id":"https:\/\/bulcan.bike\/#website","url":"https:\/\/bulcan.bike\/","name":"Bulcan","description":"Una soluci\u00f3n r\u00e1pida y sencilla para tener todos los datos de tu ebike","publisher":{"@id":"https:\/\/bulcan.bike\/#organization"},"alternateName":"Bulcan","potentialAction":[{"@type":"SearchAction","target":{"@type":"EntryPoint","urlTemplate":"https:\/\/bulcan.bike\/?s={search_term_string}"},"query-input":{"@type":"PropertyValueSpecification","valueRequired":true,"valueName":"search_term_string"}}],"inLanguage":"en-GB"},{"@type":"Organization","@id":"https:\/\/bulcan.bike\/#organization","name":"Bulcan","url":"https:\/\/bulcan.bike\/","logo":{"@type":"ImageObject","inLanguage":"en-GB","@id":"https:\/\/bulcan.bike\/#\/schema\/logo\/image\/","url":"https:\/\/bulcan.bike\/wp-content\/uploads\/2025\/01\/logo-bulcano.png","contentUrl":"https:\/\/bulcan.bike\/wp-content\/uploads\/2025\/01\/logo-bulcano.png","width":1772,"height":472,"caption":"Bulcan"},"image":{"@id":"https:\/\/bulcan.bike\/#\/schema\/logo\/image\/"},"sameAs":["https:\/\/www.facebook.com\/profile.php?id=61565581816241"]}]}},"_links":{"self":[{"href":"https:\/\/bulcan.bike\/en\/wp-json\/wp\/v2\/pages\/661","targetHints":{"allow":["GET"]}}],"collection":[{"href":"https:\/\/bulcan.bike\/en\/wp-json\/wp\/v2\/pages"}],"about":[{"href":"https:\/\/bulcan.bike\/en\/wp-json\/wp\/v2\/types\/page"}],"author":[{"embeddable":true,"href":"https:\/\/bulcan.bike\/en\/wp-json\/wp\/v2\/users\/1"}],"replies":[{"embeddable":true,"href":"https:\/\/bulcan.bike\/en\/wp-json\/wp\/v2\/comments?post=661"}],"version-history":[{"count":9,"href":"https:\/\/bulcan.bike\/en\/wp-json\/wp\/v2\/pages\/661\/revisions"}],"predecessor-version":[{"id":685,"href":"https:\/\/bulcan.bike\/en\/wp-json\/wp\/v2\/pages\/661\/revisions\/685"}],"wp:featuredmedia":[{"embeddable":true,"href":"https:\/\/bulcan.bike\/en\/wp-json\/wp\/v2\/media\/275"}],"wp:attachment":[{"href":"https:\/\/bulcan.bike\/en\/wp-json\/wp\/v2\/media?parent=661"}],"curies":[{"name":"wp","href":"https:\/\/api.w.org\/{rel}","templated":true}]}}