{"id":145,"date":"2025-01-15T16:49:41","date_gmt":"2025-01-15T15:49:41","guid":{"rendered":"http:\/\/test.micartaenlaweb.com\/?post_type=product&#038;p=145"},"modified":"2026-05-01T22:26:26","modified_gmt":"2026-05-01T20:26:26","slug":"bulcan-para-smart-system","status":"publish","type":"product","link":"https:\/\/bulcan.bike\/en\/product\/bulcan-para-smart-system\/","title":{"rendered":"Bulcan for Bosch Smart System <br \/><span style=\"font-size: 16px;\">MADE IN SPAIN<\/span>"},"content":{"rendered":"<p>[et_pb_section fb_built=\u00bb1&#8243; _builder_version=\u00bb4.16&#8243; custom_padding=\u00bb0px||||false|false\u00bb global_colors_info=\u00bb{}\u00bb][et_pb_row _builder_version=\u00bb4.16&#8243; background_size=\u00bbinitial\u00bb background_position=\u00bbtop_left\u00bb background_repeat=\u00bbrepeat\u00bb width=\u00bb100%\u00bb custom_padding=\u00bb0px||0px||false|false\u00bb global_colors_info=\u00bb{}\u00bb][et_pb_column type=\u00bb4_4&#8243; _builder_version=\u00bb4.16&#8243; custom_padding=\u00bb|||\u00bb global_colors_info=\u00bb{}\u00bb custom_padding__hover=\u00bb|||\u00bb][et_pb_wc_breadcrumb _builder_version=\u00bb4.16&#8243; global_colors_info=\u00bb{}\u00bb][\/et_pb_wc_breadcrumb][et_pb_wc_cart_notice _builder_version=\u00bb4.27.4&#8243; custom_button=\u00bbon\u00bb button_custom_margin=\u00bb-6px||6px||false|false\u00bb custom_padding=\u00bb22px|15px|7px|15px|false|false\u00bb border_radii=\u00bbon|8px|8px|8px|8px\u00bb global_colors_info=\u00bb{}\u00bb][\/et_pb_wc_cart_notice][\/et_pb_column][\/et_pb_row][et_pb_row column_structure=\u00bb1_2,1_2&#8243; _builder_version=\u00bb4.16&#8243; background_size=\u00bbinitial\u00bb background_position=\u00bbtop_left\u00bb background_repeat=\u00bbrepeat\u00bb width=\u00bb100%\u00bb custom_padding=\u00bb0px||||false|false\u00bb global_colors_info=\u00bb{}\u00bb][et_pb_column type=\u00bb1_2&#8243; _builder_version=\u00bb4.16&#8243; custom_padding=\u00bb|||\u00bb global_colors_info=\u00bb{}\u00bb custom_padding__hover=\u00bb|||\u00bb][et_pb_wc_images _builder_version=\u00bb4.27.4&#8243; border_radii=\u00bbon|8px|8px|8px|8px\u00bb border_radii_image=\u00bbon|8px|8px|8px|8px\u00bb global_colors_info=\u00bb{}\u00bb][\/et_pb_wc_images][\/et_pb_column][et_pb_column type=\u00bb1_2&#8243; _builder_version=\u00bb4.16&#8243; custom_padding=\u00bb|||\u00bb global_colors_info=\u00bb{}\u00bb custom_padding__hover=\u00bb|||\u00bb][et_pb_wc_title _builder_version=\u00bb4.16&#8243; global_colors_info=\u00bb{}\u00bb][\/et_pb_wc_title][et_pb_wc_rating _builder_version=\u00bb4.16&#8243; global_colors_info=\u00bb{}\u00bb][\/et_pb_wc_rating][et_pb_wc_price _builder_version=\u00bb4.16&#8243; global_colors_info=\u00bb{}\u00bb][\/et_pb_wc_price][et_pb_wc_description _builder_version=\u00bb4.16&#8243; global_colors_info=\u00bb{}\u00bb][\/et_pb_wc_description][et_pb_wc_add_to_cart _builder_version=\u00bb4.27.4&#8243; custom_button=\u00bbon\u00bb button_text_color=\u00bb#FFFFFF\u00bb button_bg_color=\u00bb#7CDA24&#8243; button_border_width=\u00bb0px\u00bb button_border_radius=\u00bb25px\u00bb border_radii_fields=\u00bbon|8px|8px|8px|8px\u00bb global_colors_info=\u00bb{}\u00bb][\/et_pb_wc_add_to_cart][et_pb_wc_meta _builder_version=\u00bb4.16&#8243; global_colors_info=\u00bb{}\u00bb][\/et_pb_wc_meta][\/et_pb_column][\/et_pb_row][et_pb_row _builder_version=\u00bb4.16&#8243; background_size=\u00bbinitial\u00bb background_position=\u00bbtop_left\u00bb background_repeat=\u00bbrepeat\u00bb width=\u00bb100%\u00bb global_colors_info=\u00bb{}\u00bb][et_pb_column type=\u00bb4_4&#8243; _builder_version=\u00bb4.16&#8243; custom_padding=\u00bb|||\u00bb global_colors_info=\u00bb{}\u00bb custom_padding__hover=\u00bb|||\u00bb][et_pb_wc_tabs _builder_version=\u00bb4.27.4&#8243; border_radii=\u00bbon|8px|8px|8px|8px\u00bb global_colors_info=\u00bb{}\u00bb]\t\t\t\t\t[\/et_pb_wc_tabs][et_pb_wc_upsells _builder_version=\u00bb4.16&#8243; global_colors_info=\u00bb{}\u00bb][\/et_pb_wc_upsells][et_pb_wc_related_products _builder_version=\u00bb4.27.4&#8243; title_font=\u00bb|700|||||||\u00bb product_title_font=\u00bb|700|||||||\u00bb price_font_size=\u00bb22px\u00bb border_radii_image=\u00bbon|8px|8px|8px|8px\u00bb global_colors_info=\u00bb{}\u00bb][\/et_pb_wc_related_products][\/et_pb_column][\/et_pb_row][\/et_pb_section]<\/p>\n","protected":false},"excerpt":{"rendered":"<p>\u00bfEres de los que quiere saberlo todo?<br \/>\nPotencia, bater\u00eda, asistencia, temperatura, kil\u00f3metros restantes\u2026<br \/>\n<strong>Bulcan te lo muestra todo. Donde t\u00fa quieras. Al instante.<\/strong><\/p>\n<p><img loading=\"lazy\" decoding=\"async\" class=\"wp-image-553 alignleft\" src=\"https:\/\/bulcan.bike\/wp-content\/uploads\/2025\/01\/icono-envio.jpg\" alt=\"\" width=\"126\" height=\"126\" srcset=\"https:\/\/bulcan.bike\/wp-content\/uploads\/2025\/01\/icono-envio.jpg 300w, https:\/\/bulcan.bike\/wp-content\/uploads\/2025\/01\/icono-envio-150x150.jpg 150w, https:\/\/bulcan.bike\/wp-content\/uploads\/2025\/01\/icono-envio-12x12.jpg 12w, https:\/\/bulcan.bike\/wp-content\/uploads\/2025\/01\/icono-envio-100x100.jpg 100w\" sizes=\"(max-width: 126px) 100vw, 126px\" \/><\/p>\n<p><strong>Repartimos en todo el mundo<\/strong><br \/>\nHemos ampliado las zonas de env\u00edo.<br \/>\nCont\u00e1ctanos a <a href=\"mailto:contact@lab.bike\">contact@lab.bike<\/a> si tienes alguna duda.<\/p>\n<p>&nbsp;<\/p>\n<p>&nbsp;<\/p>","protected":false},"featured_media":399,"comment_status":"open","ping_status":"closed","template":"","meta":{"_et_pb_use_builder":"on","_et_pb_old_content":"<strong>Bulcan \u2013 Conecta tu Bosch con tu GPS y controla tu ebike como nunca<\/strong>\r\n\r\nSi tienes una ebike con motor Bosch y todav\u00eda no est\u00e1s viendo los datos reales de tu ruta en tu ciclocomputador o smartwatch...\r\nEst\u00e1s yendo a ciegas.\r\n\r\n<strong>Bulcan<\/strong> es el dispositivo que conecta tu motor Bosch Gen 4 o 5 Smart System con tu GPS, smartwatch o ciclocomputador favorito.\r\nEn tiempo real. Sin l\u00edos. Sin instalaciones marcianas.\r\n\r\nLo instalas en menos de un minuto, sin herramientas ni cables raros. Y de repente, toda la informaci\u00f3n de tu ebike aparece justo donde t\u00fa la necesitas:\r\n<ul>\r\n \t<li><strong>Nivel de asistencia<\/strong>: ve cu\u00e1nta ayuda te est\u00e1 dando el motor en cada pedaleo.<\/li>\r\n \t<li><strong>Bater\u00eda restante y voltaje:<\/strong> controla la carga y la salud de tu sistema el\u00e9ctrico al detalle.<\/li>\r\n \t<li><strong>Potencia del ciclista:<\/strong> mide tu esfuerzo en vatios y mejora tu rendimiento.<\/li>\r\n \t<li><strong>Cadencia:<\/strong> pedalea mejor con datos precisos.<\/li>\r\n \t<li><strong>Temperatura ambiente y del motor\/bater\u00eda:<\/strong> protege tus componentes en condiciones extremas.<\/li>\r\n \t<li><strong>Kil\u00f3metros restantes:<\/strong> planifica con precisi\u00f3n cu\u00e1nto te queda de autonom\u00eda.<\/li>\r\n \t<li><strong>Asistencia de motor:<\/strong> entiende c\u00f3mo trabaja tu ebike en cada tramo.<\/li>\r\n<\/ul>\r\nTodo esto, combinado con tus <strong>mapas en la misma pantalla<\/strong>. Sin tener que cambiar de dispositivo ni de vista.\r\n\r\n<strong>Compatible con Bluetooth y ANT+.<\/strong>\r\nSe conecta con Garmin (Edge, Fenix, Venu...), Wahoo, Hammerhead Karoo, COROS, IGPSPORT y muchos m\u00e1s.\r\n\r\n<strong>Bulcan no es un accesorio.<\/strong>\r\nEs ese clic que te faltaba para controlar de verdad tu ebike y exprimir cada ruta como un pro.","_et_gb_content_width":""},"product_brand":[],"product_cat":[17],"product_tag":[],"class_list":{"0":"post-145","1":"product","2":"type-product","3":"status-publish","4":"has-post-thumbnail","6":"product_cat-bulcan","8":"first","9":"instock","10":"taxable","11":"shipping-taxable","12":"purchasable","13":"product-type-simple"},"yoast_head":"<!-- This site is optimized with the Yoast SEO plugin v27.5 - https:\/\/yoast.com\/product\/yoast-seo-wordpress\/ -->\n<title>Bulcan para Bosch Smart System MADE IN SPAIN - Bulcan<\/title>\n<meta name=\"robots\" content=\"index, follow, max-snippet:-1, max-image-preview:large, max-video-preview:-1\" \/>\n<link rel=\"canonical\" href=\"https:\/\/bulcan.bike\/en\/product\/bulcan-para-smart-system\/\" \/>\n<meta property=\"og:locale\" content=\"en_GB\" \/>\n<meta property=\"og:type\" content=\"article\" \/>\n<meta property=\"og:title\" content=\"Bulcan para Bosch Smart System MADE IN SPAIN - Bulcan\" \/>\n<meta property=\"og:description\" content=\"\u00bfEres de los que quiere saberlo todo? Potencia, bater\u00eda, asistencia, temperatura, kil\u00f3metros restantes\u2026 Bulcan te lo muestra todo. Donde t\u00fa quieras. Al instante.    Repartimos en todo el mundo Hemos ampliado las zonas de env\u00edo. Cont\u00e1ctanos a contact@lab.bike si tienes alguna duda.  &nbsp;  &nbsp;\" \/>\n<meta property=\"og:url\" content=\"https:\/\/bulcan.bike\/en\/product\/bulcan-para-smart-system\/\" \/>\n<meta property=\"og:site_name\" content=\"Bulcan\" \/>\n<meta property=\"article:publisher\" content=\"https:\/\/www.facebook.com\/profile.php?id=61565581816241\" \/>\n<meta property=\"article:modified_time\" content=\"2026-05-01T20:26:26+00:00\" \/>\n<meta property=\"og:image\" content=\"https:\/\/bulcan.bike\/wp-content\/uploads\/2025\/01\/bulcan-1-1000.jpg\" \/>\n\t<meta property=\"og:image:width\" content=\"1000\" \/>\n\t<meta property=\"og:image:height\" content=\"1000\" \/>\n\t<meta property=\"og:image:type\" content=\"image\/jpeg\" \/>\n<meta name=\"twitter:card\" content=\"summary_large_image\" \/>\n<meta name=\"twitter:label1\" content=\"Est. reading time\" \/>\n\t<meta name=\"twitter:data1\" content=\"3 minutes\" \/>\n<script type=\"application\/ld+json\" class=\"yoast-schema-graph\">{\"@context\":\"https:\\\/\\\/schema.org\",\"@graph\":[{\"@type\":\"WebPage\",\"@id\":\"https:\\\/\\\/bulcan.bike\\\/producto\\\/bulcan-para-smart-system\\\/\",\"url\":\"https:\\\/\\\/bulcan.bike\\\/producto\\\/bulcan-para-smart-system\\\/\",\"name\":\"Bulcan para Bosch Smart System MADE IN SPAIN - Bulcan\",\"isPartOf\":{\"@id\":\"https:\\\/\\\/bulcan.bike\\\/#website\"},\"primaryImageOfPage\":{\"@id\":\"https:\\\/\\\/bulcan.bike\\\/producto\\\/bulcan-para-smart-system\\\/#primaryimage\"},\"image\":{\"@id\":\"https:\\\/\\\/bulcan.bike\\\/producto\\\/bulcan-para-smart-system\\\/#primaryimage\"},\"thumbnailUrl\":\"https:\\\/\\\/bulcan.bike\\\/wp-content\\\/uploads\\\/2025\\\/01\\\/bulcan-1-1000.jpg\",\"datePublished\":\"2025-01-15T15:49:41+00:00\",\"dateModified\":\"2026-05-01T20:26:26+00:00\",\"breadcrumb\":{\"@id\":\"https:\\\/\\\/bulcan.bike\\\/producto\\\/bulcan-para-smart-system\\\/#breadcrumb\"},\"inLanguage\":\"en-GB\",\"potentialAction\":[{\"@type\":\"ReadAction\",\"target\":[\"https:\\\/\\\/bulcan.bike\\\/producto\\\/bulcan-para-smart-system\\\/\"]}]},{\"@type\":\"ImageObject\",\"inLanguage\":\"en-GB\",\"@id\":\"https:\\\/\\\/bulcan.bike\\\/producto\\\/bulcan-para-smart-system\\\/#primaryimage\",\"url\":\"https:\\\/\\\/bulcan.bike\\\/wp-content\\\/uploads\\\/2025\\\/01\\\/bulcan-1-1000.jpg\",\"contentUrl\":\"https:\\\/\\\/bulcan.bike\\\/wp-content\\\/uploads\\\/2025\\\/01\\\/bulcan-1-1000.jpg\",\"width\":1000,\"height\":1000},{\"@type\":\"BreadcrumbList\",\"@id\":\"https:\\\/\\\/bulcan.bike\\\/producto\\\/bulcan-para-smart-system\\\/#breadcrumb\",\"itemListElement\":[{\"@type\":\"ListItem\",\"position\":1,\"name\":\"Portada\",\"item\":\"https:\\\/\\\/bulcan.bike\\\/\"},{\"@type\":\"ListItem\",\"position\":2,\"name\":\"Tienda\",\"item\":\"https:\\\/\\\/bulcan.bike\\\/tienda\\\/\"},{\"@type\":\"ListItem\",\"position\":3,\"name\":\"Bulcan para Bosch Smart System MADE IN SPAIN\"}]},{\"@type\":\"WebSite\",\"@id\":\"https:\\\/\\\/bulcan.bike\\\/#website\",\"url\":\"https:\\\/\\\/bulcan.bike\\\/\",\"name\":\"Bulcan\",\"description\":\"Una soluci\u00f3n r\u00e1pida y sencilla para tener todos los datos de tu ebike\",\"publisher\":{\"@id\":\"https:\\\/\\\/bulcan.bike\\\/#organization\"},\"alternateName\":\"Bulcan\",\"potentialAction\":[{\"@type\":\"SearchAction\",\"target\":{\"@type\":\"EntryPoint\",\"urlTemplate\":\"https:\\\/\\\/bulcan.bike\\\/?s={search_term_string}\"},\"query-input\":{\"@type\":\"PropertyValueSpecification\",\"valueRequired\":true,\"valueName\":\"search_term_string\"}}],\"inLanguage\":\"en-GB\"},{\"@type\":\"Organization\",\"@id\":\"https:\\\/\\\/bulcan.bike\\\/#organization\",\"name\":\"Bulcan\",\"url\":\"https:\\\/\\\/bulcan.bike\\\/\",\"logo\":{\"@type\":\"ImageObject\",\"inLanguage\":\"en-GB\",\"@id\":\"https:\\\/\\\/bulcan.bike\\\/#\\\/schema\\\/logo\\\/image\\\/\",\"url\":\"https:\\\/\\\/bulcan.bike\\\/wp-content\\\/uploads\\\/2025\\\/01\\\/logo-bulcano.png\",\"contentUrl\":\"https:\\\/\\\/bulcan.bike\\\/wp-content\\\/uploads\\\/2025\\\/01\\\/logo-bulcano.png\",\"width\":1772,\"height\":472,\"caption\":\"Bulcan\"},\"image\":{\"@id\":\"https:\\\/\\\/bulcan.bike\\\/#\\\/schema\\\/logo\\\/image\\\/\"},\"sameAs\":[\"https:\\\/\\\/www.facebook.com\\\/profile.php?id=61565581816241\"]}]}<\/script>\n<!-- \/ Yoast SEO plugin. -->","yoast_head_json":{"title":"Bulcan para Bosch Smart System MADE IN SPAIN - Bulcan","robots":{"index":"index","follow":"follow","max-snippet":"max-snippet:-1","max-image-preview":"max-image-preview:large","max-video-preview":"max-video-preview:-1"},"canonical":"https:\/\/bulcan.bike\/en\/product\/bulcan-para-smart-system\/","og_locale":"en_GB","og_type":"article","og_title":"Bulcan para Bosch Smart System MADE IN SPAIN - Bulcan","og_description":"\u00bfEres de los que quiere saberlo todo? Potencia, bater\u00eda, asistencia, temperatura, kil\u00f3metros restantes\u2026 Bulcan te lo muestra todo. Donde t\u00fa quieras. Al instante.    Repartimos en todo el mundo Hemos ampliado las zonas de env\u00edo. Cont\u00e1ctanos a contact@lab.bike si tienes alguna duda.  &nbsp;  &nbsp;","og_url":"https:\/\/bulcan.bike\/en\/product\/bulcan-para-smart-system\/","og_site_name":"Bulcan","article_publisher":"https:\/\/www.facebook.com\/profile.php?id=61565581816241","article_modified_time":"2026-05-01T20:26:26+00:00","og_image":[{"width":1000,"height":1000,"url":"https:\/\/bulcan.bike\/wp-content\/uploads\/2025\/01\/bulcan-1-1000.jpg","type":"image\/jpeg"}],"twitter_card":"summary_large_image","twitter_misc":{"Est. reading time":"3 minutes"},"schema":{"@context":"https:\/\/schema.org","@graph":[{"@type":"WebPage","@id":"https:\/\/bulcan.bike\/producto\/bulcan-para-smart-system\/","url":"https:\/\/bulcan.bike\/producto\/bulcan-para-smart-system\/","name":"Bulcan para Bosch Smart System MADE IN SPAIN - Bulcan","isPartOf":{"@id":"https:\/\/bulcan.bike\/#website"},"primaryImageOfPage":{"@id":"https:\/\/bulcan.bike\/producto\/bulcan-para-smart-system\/#primaryimage"},"image":{"@id":"https:\/\/bulcan.bike\/producto\/bulcan-para-smart-system\/#primaryimage"},"thumbnailUrl":"https:\/\/bulcan.bike\/wp-content\/uploads\/2025\/01\/bulcan-1-1000.jpg","datePublished":"2025-01-15T15:49:41+00:00","dateModified":"2026-05-01T20:26:26+00:00","breadcrumb":{"@id":"https:\/\/bulcan.bike\/producto\/bulcan-para-smart-system\/#breadcrumb"},"inLanguage":"en-GB","potentialAction":[{"@type":"ReadAction","target":["https:\/\/bulcan.bike\/producto\/bulcan-para-smart-system\/"]}]},{"@type":"ImageObject","inLanguage":"en-GB","@id":"https:\/\/bulcan.bike\/producto\/bulcan-para-smart-system\/#primaryimage","url":"https:\/\/bulcan.bike\/wp-content\/uploads\/2025\/01\/bulcan-1-1000.jpg","contentUrl":"https:\/\/bulcan.bike\/wp-content\/uploads\/2025\/01\/bulcan-1-1000.jpg","width":1000,"height":1000},{"@type":"BreadcrumbList","@id":"https:\/\/bulcan.bike\/producto\/bulcan-para-smart-system\/#breadcrumb","itemListElement":[{"@type":"ListItem","position":1,"name":"Portada","item":"https:\/\/bulcan.bike\/"},{"@type":"ListItem","position":2,"name":"Tienda","item":"https:\/\/bulcan.bike\/tienda\/"},{"@type":"ListItem","position":3,"name":"Bulcan para Bosch Smart System MADE IN SPAIN"}]},{"@type":"WebSite","@id":"https:\/\/bulcan.bike\/#website","url":"https:\/\/bulcan.bike\/","name":"Bulcan","description":"Una soluci\u00f3n r\u00e1pida y sencilla para tener todos los datos de tu ebike","publisher":{"@id":"https:\/\/bulcan.bike\/#organization"},"alternateName":"Bulcan","potentialAction":[{"@type":"SearchAction","target":{"@type":"EntryPoint","urlTemplate":"https:\/\/bulcan.bike\/?s={search_term_string}"},"query-input":{"@type":"PropertyValueSpecification","valueRequired":true,"valueName":"search_term_string"}}],"inLanguage":"en-GB"},{"@type":"Organization","@id":"https:\/\/bulcan.bike\/#organization","name":"Bulcan","url":"https:\/\/bulcan.bike\/","logo":{"@type":"ImageObject","inLanguage":"en-GB","@id":"https:\/\/bulcan.bike\/#\/schema\/logo\/image\/","url":"https:\/\/bulcan.bike\/wp-content\/uploads\/2025\/01\/logo-bulcano.png","contentUrl":"https:\/\/bulcan.bike\/wp-content\/uploads\/2025\/01\/logo-bulcano.png","width":1772,"height":472,"caption":"Bulcan"},"image":{"@id":"https:\/\/bulcan.bike\/#\/schema\/logo\/image\/"},"sameAs":["https:\/\/www.facebook.com\/profile.php?id=61565581816241"]}]}},"_links":{"self":[{"href":"https:\/\/bulcan.bike\/en\/wp-json\/wp\/v2\/product\/145","targetHints":{"allow":["GET"]}}],"collection":[{"href":"https:\/\/bulcan.bike\/en\/wp-json\/wp\/v2\/product"}],"about":[{"href":"https:\/\/bulcan.bike\/en\/wp-json\/wp\/v2\/types\/product"}],"replies":[{"embeddable":true,"href":"https:\/\/bulcan.bike\/en\/wp-json\/wp\/v2\/comments?post=145"}],"wp:featuredmedia":[{"embeddable":true,"href":"https:\/\/bulcan.bike\/en\/wp-json\/wp\/v2\/media\/399"}],"wp:attachment":[{"href":"https:\/\/bulcan.bike\/en\/wp-json\/wp\/v2\/media?parent=145"}],"wp:term":[{"taxonomy":"product_brand","embeddable":true,"href":"https:\/\/bulcan.bike\/en\/wp-json\/wp\/v2\/product_brand?post=145"},{"taxonomy":"product_cat","embeddable":true,"href":"https:\/\/bulcan.bike\/en\/wp-json\/wp\/v2\/product_cat?post=145"},{"taxonomy":"product_tag","embeddable":true,"href":"https:\/\/bulcan.bike\/en\/wp-json\/wp\/v2\/product_tag?post=145"}],"curies":[{"name":"wp","href":"https:\/\/api.w.org\/{rel}","templated":true}]}}